{"id":58,"date":"2025-05-11T23:56:52","date_gmt":"2025-05-11T21:56:52","guid":{"rendered":"http:\/\/vehidex.fr\/index.php\/silverstorm\/"},"modified":"2026-01-27T00:50:43","modified_gmt":"2026-01-26T23:50:43","slug":"silverstorm","status":"publish","type":"page","link":"https:\/\/vehidex.fr\/","title":{"rendered":""},"content":{"rendered":"<style>.kb-posts-id-58_68d424-3b .kb-post-list-item{display:grid;}<\/style><ul class=\"wp-block-kadence-posts kb-posts kadence-posts-list kb-posts-id-58_68d424-3b content-wrap grid-cols kb-posts-style-boxed grid-sm-col-2 grid-lg-col-3 item-image-style-above\"><li class=\"kb-post-list-item\">\n\t<article class=\"entry content-bg loop-entry post-397 post type-post status-publish format-standard hentry category-cyclisme category-sport-automobile tag-1er-rallye-du-printemps-des-rillettes-nouvelle-generation-en-2026 tag-recettes-avec-des-rillettes\">\n\t\t\t\t<div class=\"entry-content-wrap\">\n\t\t\t<header class=\"entry-header\">\n\t\t<div class=\"entry-taxonomies\">\n\t\t<span class=\"category-links term-links category-style-normal\">\n\t\t\t<a href=\"https:\/\/vehidex.fr\/index.php\/category\/cyclisme\/\" rel=\"category tag\">Cyclisme<\/a> | <a href=\"https:\/\/vehidex.fr\/index.php\/category\/sport-automobile\/\" rel=\"category tag\">Sport automobile<\/a>\t\t<\/span>\n\t<\/div><!-- .entry-taxonomies -->\n\t<h2 class=\"entry-title\"><a href=\"https:\/\/vehidex.fr\/index.php\/2026\/04\/06\/1er-rallye-du-printemps-des-rillettes-nouvelle-generation-en-2026\/\" rel=\"bookmark\">1er rallye du Printemps des rillettes nouvelle g\u00e9n\u00e9ration en 2026<\/a><\/h2>\t<div class=\"entry-meta entry-meta-divider-dot\">\n\t<span class=\"posted-by\"><span class=\"meta-label\">Par<\/span><span class=\"author vcard\"><span class=\"fn n\">Vehipassion<\/span><\/span><\/span>\t\t\t<span class=\"posted-on\">\n\t\t\t\t<time class=\"entry-date published updated\" datetime=\"2026-04-06T11:49:07+02:00\">6 avril 2026<\/time>\t\t\t<\/span>\n\t\t\t\t<\/div><!-- .entry-meta -->\n\t<\/header><!-- .entry-header -->\n\t<div class=\"entry-summary\">\n\t\t<p>* Un beau succ\u00e8s pour le premier rallye du Printemps des rillettes qui a rassembl\u00e9 de nombreux passionn\u00e9s des v\u00e9hicules d&rsquo;\u00e9poques le samedi 21 mars 2026. Un parcours de 23km, avec un passage dans les communes de Montfort le Gesnois \u2013 Soulitr\u00e9 \u2013 Le Breil Sur M\u00e9rize \u2013 Nuill\u00e9 le Jalais, pour arriver \u00e0 11 [&hellip;]<\/p>\n\t<\/div><!-- .entry-summary -->\n\t<footer class=\"entry-footer\">\n\t\t\t<div class=\"entry-actions\">\n\t\t\t<p class=\"more-link-wrap\">\n\t\t\t\t<a href=\"https:\/\/vehidex.fr\/index.php\/2026\/04\/06\/1er-rallye-du-printemps-des-rillettes-nouvelle-generation-en-2026\/\" class=\"post-more-link\">\n\t\t\t\t\tLire la suite<span class=\"screen-reader-text\"> 1er rallye du Printemps des rillettes nouvelle g\u00e9n\u00e9ration en 2026<\/span><span class=\"kadence-svg-iconset svg-baseline\"><svg aria-hidden=\"true\" class=\"kadence-svg-icon kadence-arrow-right-alt-svg\" fill=\"currentColor\" version=\"1.1\" xmlns=\"http:\/\/www.w3.org\/2000\/svg\" width=\"27\" height=\"28\" viewBox=\"0 0 27 28\"><title>Continuer<\/title><path d=\"M27 13.953c0 0.141-0.063 0.281-0.156 0.375l-6 5.531c-0.156 0.141-0.359 0.172-0.547 0.094-0.172-0.078-0.297-0.25-0.297-0.453v-3.5h-19.5c-0.281 0-0.5-0.219-0.5-0.5v-3c0-0.281 0.219-0.5 0.5-0.5h19.5v-3.5c0-0.203 0.109-0.375 0.297-0.453s0.391-0.047 0.547 0.078l6 5.469c0.094 0.094 0.156 0.219 0.156 0.359v0z\"><\/path>\n\t\t\t<\/svg><\/span>\t\t\t\t<\/a>\n\t\t\t<\/p>\n\t\t<\/div><!-- .entry-actions -->\n\t\t<\/footer><!-- .entry-footer -->\t\t<\/div>\n\t<\/article>\n<\/li>\n<li class=\"kb-post-list-item\">\n\t<article class=\"entry content-bg loop-entry post-355 post type-post status-publish format-standard has-post-thumbnail hentry category-motos tag-fete-d-ela-moto-au-mans\">\n\t\t\t\t<a aria-hidden=\"true\" tabindex=\"-1\" role=\"presentation\" class=\"post-thumbnail kadence-thumbnail-ratio-2-3\" href=\"https:\/\/vehidex.fr\/index.php\/2026\/02\/28\/la-fete-de-la-moto\/\" aria-label=\"La f\u00eate de la moto\">\n\t\t\t<div class=\"post-thumbnail-inner\">\n\t\t\t\t<img loading=\"lazy\" decoding=\"async\" width=\"525\" height=\"740\" src=\"https:\/\/vehidex.fr\/wp-content\/uploads\/2026\/02\/2025_Fete_de_la_Moto_Le_Mans_V2-768x1082.jpg\" class=\"attachment-medium_large size-medium_large wp-post-image\" alt=\"La f\u00eate de la moto\" srcset=\"https:\/\/vehidex.fr\/wp-content\/uploads\/2026\/02\/2025_Fete_de_la_Moto_Le_Mans_V2-768x1082.jpg 768w, https:\/\/vehidex.fr\/wp-content\/uploads\/2026\/02\/2025_Fete_de_la_Moto_Le_Mans_V2-213x300.jpg 213w, https:\/\/vehidex.fr\/wp-content\/uploads\/2026\/02\/2025_Fete_de_la_Moto_Le_Mans_V2-727x1024.jpg 727w, https:\/\/vehidex.fr\/wp-content\/uploads\/2026\/02\/2025_Fete_de_la_Moto_Le_Mans_V2.jpg 800w\" sizes=\"auto, (max-width: 525px) 100vw, 525px\" \/>\t\t\t<\/div>\n\t\t<\/a><!-- .post-thumbnail -->\n\t\t\t\t<div class=\"entry-content-wrap\">\n\t\t\t<header class=\"entry-header\">\n\t\t<div class=\"entry-taxonomies\">\n\t\t<span class=\"category-links term-links category-style-normal\">\n\t\t\t<a href=\"https:\/\/vehidex.fr\/index.php\/category\/motos\/\" rel=\"category tag\">Motos<\/a>\t\t<\/span>\n\t<\/div><!-- .entry-taxonomies -->\n\t<h2 class=\"entry-title\"><a href=\"https:\/\/vehidex.fr\/index.php\/2026\/02\/28\/la-fete-de-la-moto\/\" rel=\"bookmark\">La f\u00eate de la moto<\/a><\/h2>\t<div class=\"entry-meta entry-meta-divider-dot\">\n\t<span class=\"posted-by\"><span class=\"meta-label\">Par<\/span><span class=\"author vcard\"><span class=\"fn n\">Vehipassion<\/span><\/span><\/span>\t\t\t<span class=\"posted-on\">\n\t\t\t\t<time class=\"entry-date published\" datetime=\"2026-02-28T23:49:45+01:00\">28 f\u00e9vrier 2026<\/time><time class=\"updated\" datetime=\"2026-04-06T11:55:10+02:00\">6 avril 2026<\/time>\t\t\t<\/span>\n\t\t\t\t<\/div><!-- .entry-meta -->\n\t<\/header><!-- .entry-header -->\n\t<div class=\"entry-summary\">\n\t\t<p>Premi\u00e8re \u00e9dition de la \u00ab\u00a0F\u00eate de la moto\u00a0\u00bb dans la zone du panorama au Mans. Une journ\u00e9e id\u00e9ale pour tous les passionn\u00e9s de Moto!Une journ\u00e9e 100% passion moto avec des essais, des stands, des animations et des centaines de passionn\u00e9s r\u00e9unis pour vivre un \u00e9v\u00e9nement exceptionnel Organis\u00e9 par les\u00a0 concessions locales : \u2705 HONDA MOTO [&hellip;]<\/p>\n\t<\/div><!-- .entry-summary -->\n\t<footer class=\"entry-footer\">\n\t\t\t<div class=\"entry-actions\">\n\t\t\t<p class=\"more-link-wrap\">\n\t\t\t\t<a href=\"https:\/\/vehidex.fr\/index.php\/2026\/02\/28\/la-fete-de-la-moto\/\" class=\"post-more-link\">\n\t\t\t\t\tLire la suite<span class=\"screen-reader-text\"> La f\u00eate de la moto<\/span><span class=\"kadence-svg-iconset svg-baseline\"><svg aria-hidden=\"true\" class=\"kadence-svg-icon kadence-arrow-right-alt-svg\" fill=\"currentColor\" version=\"1.1\" xmlns=\"http:\/\/www.w3.org\/2000\/svg\" width=\"27\" height=\"28\" viewBox=\"0 0 27 28\"><title>Continuer<\/title><path d=\"M27 13.953c0 0.141-0.063 0.281-0.156 0.375l-6 5.531c-0.156 0.141-0.359 0.172-0.547 0.094-0.172-0.078-0.297-0.25-0.297-0.453v-3.5h-19.5c-0.281 0-0.5-0.219-0.5-0.5v-3c0-0.281 0.219-0.5 0.5-0.5h19.5v-3.5c0-0.203 0.109-0.375 0.297-0.453s0.391-0.047 0.547 0.078l6 5.469c0.094 0.094 0.156 0.219 0.156 0.359v0z\"><\/path>\n\t\t\t<\/svg><\/span>\t\t\t\t<\/a>\n\t\t\t<\/p>\n\t\t<\/div><!-- .entry-actions -->\n\t\t<\/footer><!-- .entry-footer -->\t\t<\/div>\n\t<\/article>\n<\/li>\n<li class=\"kb-post-list-item\">\n\t<article class=\"entry content-bg loop-entry post-350 post type-post status-publish format-standard has-post-thumbnail hentry category-sport-automobile tag-m24 tag-musee-automobiles tag-musee-des-24-heures-du-mans\">\n\t\t\t\t<a aria-hidden=\"true\" tabindex=\"-1\" role=\"presentation\" class=\"post-thumbnail kadence-thumbnail-ratio-2-3\" href=\"https:\/\/vehidex.fr\/index.php\/2026\/02\/07\/le-m24-ouvrira-le-28-mai-2026\/\" aria-label=\"Le M24 ouvrira le 28 mai 2026\">\n\t\t\t<div class=\"post-thumbnail-inner\">\n\t\t\t\t<img loading=\"lazy\" decoding=\"async\" width=\"525\" height=\"333\" src=\"https:\/\/vehidex.fr\/wp-content\/uploads\/2026\/02\/m24lemans.jpg\" class=\"attachment-medium_large size-medium_large wp-post-image\" alt=\"Le M24 ouvrira le 28 mai 2026\" srcset=\"https:\/\/vehidex.fr\/wp-content\/uploads\/2026\/02\/m24lemans.jpg 600w, https:\/\/vehidex.fr\/wp-content\/uploads\/2026\/02\/m24lemans-300x191.jpg 300w\" sizes=\"auto, (max-width: 525px) 100vw, 525px\" \/>\t\t\t<\/div>\n\t\t<\/a><!-- .post-thumbnail -->\n\t\t\t\t<div class=\"entry-content-wrap\">\n\t\t\t<header class=\"entry-header\">\n\t\t<div class=\"entry-taxonomies\">\n\t\t<span class=\"category-links term-links category-style-normal\">\n\t\t\t<a href=\"https:\/\/vehidex.fr\/index.php\/category\/sport-automobile\/\" rel=\"category tag\">Sport automobile<\/a>\t\t<\/span>\n\t<\/div><!-- .entry-taxonomies -->\n\t<h2 class=\"entry-title\"><a href=\"https:\/\/vehidex.fr\/index.php\/2026\/02\/07\/le-m24-ouvrira-le-28-mai-2026\/\" rel=\"bookmark\">Le M24 ouvrira le 28 mai 2026<\/a><\/h2>\t<div class=\"entry-meta entry-meta-divider-dot\">\n\t<span class=\"posted-by\"><span class=\"meta-label\">Par<\/span><span class=\"author vcard\"><span class=\"fn n\">Vehipassion<\/span><\/span><\/span>\t\t\t<span class=\"posted-on\">\n\t\t\t\t<time class=\"entry-date published updated\" datetime=\"2026-02-07T01:00:40+01:00\">7 f\u00e9vrier 2026<\/time>\t\t\t<\/span>\n\t\t\t\t<\/div><!-- .entry-meta -->\n\t<\/header><!-- .entry-header -->\n\t<div class=\"entry-summary\">\n\t\t<p>Le Mus\u00e9e des 24 Heures du Mans deviendra, en mai 2026, le M24 \u2013 Mus\u00e9e du Sport Automobile.* Un lieu enti\u00e8rement repens\u00e9, con\u00e7u comme une exp\u00e9rience culturelle et \u00e9motionnelle, pour raconter l\u2019histoire, l\u2019influence et l\u2019avenir du sport automobile \u00e0 l\u2019\u00e9chelle mondiale. \u00ab Le M24 est n\u00e9 d\u2019un double constat : celui d\u2019un patrimoine absolument unique [&hellip;]<\/p>\n\t<\/div><!-- .entry-summary -->\n\t<footer class=\"entry-footer\">\n\t\t\t<div class=\"entry-actions\">\n\t\t\t<p class=\"more-link-wrap\">\n\t\t\t\t<a href=\"https:\/\/vehidex.fr\/index.php\/2026\/02\/07\/le-m24-ouvrira-le-28-mai-2026\/\" class=\"post-more-link\">\n\t\t\t\t\tLire la suite<span class=\"screen-reader-text\"> Le M24 ouvrira le 28 mai 2026<\/span><span class=\"kadence-svg-iconset svg-baseline\"><svg aria-hidden=\"true\" class=\"kadence-svg-icon kadence-arrow-right-alt-svg\" fill=\"currentColor\" version=\"1.1\" xmlns=\"http:\/\/www.w3.org\/2000\/svg\" width=\"27\" height=\"28\" viewBox=\"0 0 27 28\"><title>Continuer<\/title><path d=\"M27 13.953c0 0.141-0.063 0.281-0.156 0.375l-6 5.531c-0.156 0.141-0.359 0.172-0.547 0.094-0.172-0.078-0.297-0.25-0.297-0.453v-3.5h-19.5c-0.281 0-0.5-0.219-0.5-0.5v-3c0-0.281 0.219-0.5 0.5-0.5h19.5v-3.5c0-0.203 0.109-0.375 0.297-0.453s0.391-0.047 0.547 0.078l6 5.469c0.094 0.094 0.156 0.219 0.156 0.359v0z\"><\/path>\n\t\t\t<\/svg><\/span>\t\t\t\t<\/a>\n\t\t\t<\/p>\n\t\t<\/div><!-- .entry-actions -->\n\t\t<\/footer><!-- .entry-footer -->\t\t<\/div>\n\t<\/article>\n<\/li>\n<li class=\"kb-post-list-item\">\n\t<article class=\"entry content-bg loop-entry post-362 post type-post status-publish format-standard has-post-thumbnail hentry category-motos category-vehicules-de-collection tag-vente-bonhamscars\">\n\t\t\t\t<a aria-hidden=\"true\" tabindex=\"-1\" role=\"presentation\" class=\"post-thumbnail kadence-thumbnail-ratio-2-3\" href=\"https:\/\/vehidex.fr\/index.php\/2026\/01\/30\/bonhamscars-polo-de-paris-sale-achieved-e9-million\/\" aria-label=\"Bonhams|Cars Polo de Paris sale achieved \u20ac9 million.\">\n\t\t\t<div class=\"post-thumbnail-inner\">\n\t\t\t\t<img loading=\"lazy\" decoding=\"async\" width=\"525\" height=\"282\" src=\"https:\/\/vehidex.fr\/wp-content\/uploads\/2026\/02\/BonhamsVente_2026-768x413.jpg\" class=\"attachment-medium_large size-medium_large wp-post-image\" alt=\"Bonhams|Cars Polo de Paris sale achieved \u20ac9 million.\" srcset=\"https:\/\/vehidex.fr\/wp-content\/uploads\/2026\/02\/BonhamsVente_2026-768x413.jpg 768w, https:\/\/vehidex.fr\/wp-content\/uploads\/2026\/02\/BonhamsVente_2026-300x161.jpg 300w, https:\/\/vehidex.fr\/wp-content\/uploads\/2026\/02\/BonhamsVente_2026-1024x551.jpg 1024w, https:\/\/vehidex.fr\/wp-content\/uploads\/2026\/02\/BonhamsVente_2026.jpg 1126w\" sizes=\"auto, (max-width: 525px) 100vw, 525px\" \/>\t\t\t<\/div>\n\t\t<\/a><!-- .post-thumbnail -->\n\t\t\t\t<div class=\"entry-content-wrap\">\n\t\t\t<header class=\"entry-header\">\n\t\t<div class=\"entry-taxonomies\">\n\t\t<span class=\"category-links term-links category-style-normal\">\n\t\t\t<a href=\"https:\/\/vehidex.fr\/index.php\/category\/motos\/\" rel=\"category tag\">Motos<\/a> | <a href=\"https:\/\/vehidex.fr\/index.php\/category\/vehicules-de-collection\/\" rel=\"category tag\">V\u00e9hicules de collection<\/a>\t\t<\/span>\n\t<\/div><!-- .entry-taxonomies -->\n\t<h2 class=\"entry-title\"><a href=\"https:\/\/vehidex.fr\/index.php\/2026\/01\/30\/bonhamscars-polo-de-paris-sale-achieved-e9-million\/\" rel=\"bookmark\">Bonhams|Cars Polo de Paris sale achieved \u20ac9 million.<\/a><\/h2>\t<div class=\"entry-meta entry-meta-divider-dot\">\n\t<span class=\"posted-by\"><span class=\"meta-label\">Par<\/span><span class=\"author vcard\"><span class=\"fn n\">Vehipassion<\/span><\/span><\/span>\t\t\t<span class=\"posted-on\">\n\t\t\t\t<time class=\"entry-date published\" datetime=\"2026-01-30T13:37:16+01:00\">30 janvier 2026<\/time><time class=\"updated\" datetime=\"2026-02-12T13:43:08+01:00\">12 f\u00e9vrier 2026<\/time>\t\t\t<\/span>\n\t\t\t\t<\/div><!-- .entry-meta -->\n\t<\/header><!-- .entry-header -->\n\t<div class=\"entry-summary\">\n\t\t<p>Paris, France \u2013 Bonhams|Cars returned to Paris&rsquo; R\u00e9tromobile Week, with a sale on 30 January, held for the first time, at the historic and prestigious Polo de Paris. The Polo de Paris sale featured 66 collector cars from revered classics to modern supercars including a major single-owner collection, alongside a selection of automobilia. Interest was [&hellip;]<\/p>\n\t<\/div><!-- .entry-summary -->\n\t<footer class=\"entry-footer\">\n\t\t\t<div class=\"entry-actions\">\n\t\t\t<p class=\"more-link-wrap\">\n\t\t\t\t<a href=\"https:\/\/vehidex.fr\/index.php\/2026\/01\/30\/bonhamscars-polo-de-paris-sale-achieved-e9-million\/\" class=\"post-more-link\">\n\t\t\t\t\tLire la suite<span class=\"screen-reader-text\"> Bonhams|Cars Polo de Paris sale achieved \u20ac9 million.<\/span><span class=\"kadence-svg-iconset svg-baseline\"><svg aria-hidden=\"true\" class=\"kadence-svg-icon kadence-arrow-right-alt-svg\" fill=\"currentColor\" version=\"1.1\" xmlns=\"http:\/\/www.w3.org\/2000\/svg\" width=\"27\" height=\"28\" viewBox=\"0 0 27 28\"><title>Continuer<\/title><path d=\"M27 13.953c0 0.141-0.063 0.281-0.156 0.375l-6 5.531c-0.156 0.141-0.359 0.172-0.547 0.094-0.172-0.078-0.297-0.25-0.297-0.453v-3.5h-19.5c-0.281 0-0.5-0.219-0.5-0.5v-3c0-0.281 0.219-0.5 0.5-0.5h19.5v-3.5c0-0.203 0.109-0.375 0.297-0.453s0.391-0.047 0.547 0.078l6 5.469c0.094 0.094 0.156 0.219 0.156 0.359v0z\"><\/path>\n\t\t\t<\/svg><\/span>\t\t\t\t<\/a>\n\t\t\t<\/p>\n\t\t<\/div><!-- .entry-actions -->\n\t\t<\/footer><!-- .entry-footer -->\t\t<\/div>\n\t<\/article>\n<\/li>\n<li class=\"kb-post-list-item\">\n\t<article class=\"entry content-bg loop-entry post-312 post type-post status-publish format-standard has-post-thumbnail hentry category-vehicules-de-collection tag-vente-bonhamscars\">\n\t\t\t\t<a aria-hidden=\"true\" tabindex=\"-1\" role=\"presentation\" class=\"post-thumbnail kadence-thumbnail-ratio-2-3\" href=\"https:\/\/vehidex.fr\/index.php\/2026\/01\/26\/vente-aux-encheres-au-polo-de-paris\/\" aria-label=\"Vente aux ench\u00e8res au Polo de Paris\">\n\t\t\t<div class=\"post-thumbnail-inner\">\n\t\t\t\t<img loading=\"lazy\" decoding=\"async\" width=\"320\" height=\"404\" src=\"https:\/\/vehidex.fr\/wp-content\/uploads\/2026\/01\/Visuel_Bonhams_Cars.webp\" class=\"attachment-medium_large size-medium_large wp-post-image\" alt=\"Vente aux ench\u00e8res au Polo de Paris\" srcset=\"https:\/\/vehidex.fr\/wp-content\/uploads\/2026\/01\/Visuel_Bonhams_Cars.webp 320w, https:\/\/vehidex.fr\/wp-content\/uploads\/2026\/01\/Visuel_Bonhams_Cars-238x300.webp 238w\" sizes=\"auto, (max-width: 320px) 100vw, 320px\" \/>\t\t\t<\/div>\n\t\t<\/a><!-- .post-thumbnail -->\n\t\t\t\t<div class=\"entry-content-wrap\">\n\t\t\t<header class=\"entry-header\">\n\t\t<div class=\"entry-taxonomies\">\n\t\t<span class=\"category-links term-links category-style-normal\">\n\t\t\t<a href=\"https:\/\/vehidex.fr\/index.php\/category\/vehicules-de-collection\/\" rel=\"category tag\">V\u00e9hicules de collection<\/a>\t\t<\/span>\n\t<\/div><!-- .entry-taxonomies -->\n\t<h2 class=\"entry-title\"><a href=\"https:\/\/vehidex.fr\/index.php\/2026\/01\/26\/vente-aux-encheres-au-polo-de-paris\/\" rel=\"bookmark\">Vente aux ench\u00e8res au Polo de Paris<\/a><\/h2>\t<div class=\"entry-meta entry-meta-divider-dot\">\n\t<span class=\"posted-by\"><span class=\"meta-label\">Par<\/span><span class=\"author vcard\"><span class=\"fn n\">Vehipassion<\/span><\/span><\/span>\t\t\t<span class=\"posted-on\">\n\t\t\t\t<time class=\"entry-date published\" datetime=\"2026-01-26T14:10:11+01:00\">26 janvier 2026<\/time><time class=\"updated\" datetime=\"2026-01-26T14:12:05+01:00\">26 janvier 2026<\/time>\t\t\t<\/span>\n\t\t\t\t<\/div><!-- .entry-meta -->\n\t<\/header><!-- .entry-header -->\n\t<div class=\"entry-summary\">\n\t\t<p>PAR BONHAMS|CARS Paris \u2013 La vente Bonhams|Cars annuelle de Paris reviendra le 30 janvier 2026 pendant la semaine Retromobile \u00e0 Paris. Pour la premi\u00e8re fois, la vente aura lieu au prestigieux et historique Polo de Paris, avec une s\u00e9lection d\u2019automobiles allant des classiques aux supercars modernes. Le Polo de Paris se trouve \u00e0 seulement 15 [&hellip;]<\/p>\n\t<\/div><!-- .entry-summary -->\n\t<footer class=\"entry-footer\">\n\t\t\t<div class=\"entry-actions\">\n\t\t\t<p class=\"more-link-wrap\">\n\t\t\t\t<a href=\"https:\/\/vehidex.fr\/index.php\/2026\/01\/26\/vente-aux-encheres-au-polo-de-paris\/\" class=\"post-more-link\">\n\t\t\t\t\tLire la suite<span class=\"screen-reader-text\"> Vente aux ench\u00e8res au Polo de Paris<\/span><span class=\"kadence-svg-iconset svg-baseline\"><svg aria-hidden=\"true\" class=\"kadence-svg-icon kadence-arrow-right-alt-svg\" fill=\"currentColor\" version=\"1.1\" xmlns=\"http:\/\/www.w3.org\/2000\/svg\" width=\"27\" height=\"28\" viewBox=\"0 0 27 28\"><title>Continuer<\/title><path d=\"M27 13.953c0 0.141-0.063 0.281-0.156 0.375l-6 5.531c-0.156 0.141-0.359 0.172-0.547 0.094-0.172-0.078-0.297-0.25-0.297-0.453v-3.5h-19.5c-0.281 0-0.5-0.219-0.5-0.5v-3c0-0.281 0.219-0.5 0.5-0.5h19.5v-3.5c0-0.203 0.109-0.375 0.297-0.453s0.391-0.047 0.547 0.078l6 5.469c0.094 0.094 0.156 0.219 0.156 0.359v0z\"><\/path>\n\t\t\t<\/svg><\/span>\t\t\t\t<\/a>\n\t\t\t<\/p>\n\t\t<\/div><!-- .entry-actions -->\n\t\t<\/footer><!-- .entry-footer -->\t\t<\/div>\n\t<\/article>\n<\/li>\n<li class=\"kb-post-list-item\">\n\t<article class=\"entry content-bg loop-entry post-308 post type-post status-publish format-standard has-post-thumbnail hentry category-vehicules-de-collection tag-maison-aguttes tag-vente-a-retromobile\">\n\t\t\t\t<a aria-hidden=\"true\" tabindex=\"-1\" role=\"presentation\" class=\"post-thumbnail kadence-thumbnail-ratio-2-3\" href=\"https:\/\/vehidex.fr\/index.php\/2026\/01\/26\/vente-aux-encheres-a-retromobile\/\" aria-label=\"Vente aux ench\u00e8res \u00e0 R\u00e9tromobile\">\n\t\t\t<div class=\"post-thumbnail-inner\">\n\t\t\t\t<img loading=\"lazy\" decoding=\"async\" width=\"191\" height=\"148\" src=\"https:\/\/vehidex.fr\/wp-content\/uploads\/2026\/01\/Logo_Aguttes.png\" class=\"attachment-medium_large size-medium_large wp-post-image\" alt=\"Vente aux ench\u00e8res \u00e0 R\u00e9tromobile\" \/>\t\t\t<\/div>\n\t\t<\/a><!-- .post-thumbnail -->\n\t\t\t\t<div class=\"entry-content-wrap\">\n\t\t\t<header class=\"entry-header\">\n\t\t<div class=\"entry-taxonomies\">\n\t\t<span class=\"category-links term-links category-style-normal\">\n\t\t\t<a href=\"https:\/\/vehidex.fr\/index.php\/category\/vehicules-de-collection\/\" rel=\"category tag\">V\u00e9hicules de collection<\/a>\t\t<\/span>\n\t<\/div><!-- .entry-taxonomies -->\n\t<h2 class=\"entry-title\"><a href=\"https:\/\/vehidex.fr\/index.php\/2026\/01\/26\/vente-aux-encheres-a-retromobile\/\" rel=\"bookmark\">Vente aux ench\u00e8res \u00e0 R\u00e9tromobile<\/a><\/h2>\t<div class=\"entry-meta entry-meta-divider-dot\">\n\t<span class=\"posted-by\"><span class=\"meta-label\">Par<\/span><span class=\"author vcard\"><span class=\"fn n\">Vehipassion<\/span><\/span><\/span>\t\t\t<span class=\"posted-on\">\n\t\t\t\t<time class=\"entry-date published updated\" datetime=\"2026-01-26T14:08:25+01:00\">26 janvier 2026<\/time>\t\t\t<\/span>\n\t\t\t\t<\/div><!-- .entry-meta -->\n\t<\/header><!-- .entry-header -->\n\t<div class=\"entry-summary\">\n\t\t<p>AUTOMOBILES DE COLLECTION &#8211; Vente Maison Aguttes Du 5 au 9 f\u00e9vrier 2025, le d\u00e9partement Automobiles de Collection de la maison de ventes Aguttes sera pr\u00e9sent au prestigieux salon R\u00e9tromobile, au sein du plus beau mus\u00e9e \u00e9ph\u00e9m\u00e8re d\u00e9di\u00e9 aux voitures de collection (Paris Expo Porte de Versailles, Stand M064, Hall 1). D\u00e9couvrez le catalogue de [&hellip;]<\/p>\n\t<\/div><!-- .entry-summary -->\n\t<footer class=\"entry-footer\">\n\t\t\t<div class=\"entry-actions\">\n\t\t\t<p class=\"more-link-wrap\">\n\t\t\t\t<a href=\"https:\/\/vehidex.fr\/index.php\/2026\/01\/26\/vente-aux-encheres-a-retromobile\/\" class=\"post-more-link\">\n\t\t\t\t\tLire la suite<span class=\"screen-reader-text\"> Vente aux ench\u00e8res \u00e0 R\u00e9tromobile<\/span><span class=\"kadence-svg-iconset svg-baseline\"><svg aria-hidden=\"true\" class=\"kadence-svg-icon kadence-arrow-right-alt-svg\" fill=\"currentColor\" version=\"1.1\" xmlns=\"http:\/\/www.w3.org\/2000\/svg\" width=\"27\" height=\"28\" viewBox=\"0 0 27 28\"><title>Continuer<\/title><path d=\"M27 13.953c0 0.141-0.063 0.281-0.156 0.375l-6 5.531c-0.156 0.141-0.359 0.172-0.547 0.094-0.172-0.078-0.297-0.25-0.297-0.453v-3.5h-19.5c-0.281 0-0.5-0.219-0.5-0.5v-3c0-0.281 0.219-0.5 0.5-0.5h19.5v-3.5c0-0.203 0.109-0.375 0.297-0.453s0.391-0.047 0.547 0.078l6 5.469c0.094 0.094 0.156 0.219 0.156 0.359v0z\"><\/path>\n\t\t\t<\/svg><\/span>\t\t\t\t<\/a>\n\t\t\t<\/p>\n\t\t<\/div><!-- .entry-actions -->\n\t\t<\/footer><!-- .entry-footer -->\t\t<\/div>\n\t<\/article>\n<\/li>\n<\/ul>\n\n\n<pre class=\"wp-block-code\"><code><\/code><\/pre>\n\n\n\n<p><\/p>\n","protected":false},"excerpt":{"rendered":"","protected":false},"author":1,"featured_media":309,"parent":0,"menu_order":0,"comment_status":"closed","ping_status":"closed","template":"page-templates\/homepage.php","meta":{"_kadence_starter_templates_imported_post":false,"footnotes":""},"class_list":["post-58","page","type-page","status-publish","has-post-thumbnail","hentry"],"_links":{"self":[{"href":"https:\/\/vehidex.fr\/index.php\/wp-json\/wp\/v2\/pages\/58","targetHints":{"allow":["GET"]}}],"collection":[{"href":"https:\/\/vehidex.fr\/index.php\/wp-json\/wp\/v2\/pages"}],"about":[{"href":"https:\/\/vehidex.fr\/index.php\/wp-json\/wp\/v2\/types\/page"}],"author":[{"embeddable":true,"href":"https:\/\/vehidex.fr\/index.php\/wp-json\/wp\/v2\/users\/1"}],"replies":[{"embeddable":true,"href":"https:\/\/vehidex.fr\/index.php\/wp-json\/wp\/v2\/comments?post=58"}],"version-history":[{"count":5,"href":"https:\/\/vehidex.fr\/index.php\/wp-json\/wp\/v2\/pages\/58\/revisions"}],"predecessor-version":[{"id":344,"href":"https:\/\/vehidex.fr\/index.php\/wp-json\/wp\/v2\/pages\/58\/revisions\/344"}],"wp:featuredmedia":[{"embeddable":true,"href":"https:\/\/vehidex.fr\/index.php\/wp-json\/wp\/v2\/media\/309"}],"wp:attachment":[{"href":"https:\/\/vehidex.fr\/index.php\/wp-json\/wp\/v2\/media?parent=58"}],"curies":[{"name":"wp","href":"https:\/\/api.w.org\/{rel}","templated":true}]}}